{"id":8716,"date":"2023-04-21T07:44:05","date_gmt":"2023-04-21T05:44:05","guid":{"rendered":"https:\/\/foodrelation.dk\/references\/"},"modified":"2024-10-07T07:46:24","modified_gmt":"2024-10-07T05:46:24","slug":"references","status":"publish","type":"page","link":"https:\/\/foodrelation.dk\/en\/references\/","title":{"rendered":"References"},"content":{"rendered":"\t\t<div data-elementor-type=\"wp-page\" data-elementor-id=\"8716\" class=\"elementor elementor-8716 elementor-4047\" data-elementor-post-type=\"page\">\n\t\t\t\t<div class=\"elementor-element elementor-element-299ec87c e-con-full no-padding e-flex e-con e-parent\" data-id=\"299ec87c\" data-element_type=\"container\">\n\t\t\t\t<div class=\"elementor-element elementor-element-6ec1bd0c elementor-widget elementor-widget-shortcode\" data-id=\"6ec1bd0c\" data-element_type=\"widget\" data-widget_type=\"shortcode.default\">\n\t\t\t\t<div class=\"elementor-widget-container\">\n\t\t\t\t\t<div class=\"elementor-shortcode\">\t\t<div data-elementor-type=\"container\" data-elementor-id=\"6542\" class=\"elementor elementor-6542\" data-elementor-post-type=\"elementor_library\">\n\t\t\t\t<div class=\"elementor-element elementor-element-2bc4b5ab white e-flex e-con-boxed e-con e-parent\" data-id=\"2bc4b5ab\" data-element_type=\"container\" data-settings=\"{&quot;background_background&quot;:&quot;classic&quot;}\">\n\t\t\t\t\t<div class=\"e-con-inner\">\n\t\t\t\t<div class=\"elementor-element elementor-element-76aa15a9 elementor-widget elementor-widget-text-editor\" data-id=\"76aa15a9\" data-element_type=\"widget\" data-widget_type=\"text-editor.default\">\n\t\t\t\t<div class=\"elementor-widget-container\">\n\t\t\t\t\t\t\tLad os st\u00e5 for din n\u00e6ste opgave. Her kan du f\u00e5 et indblik i, hvad vi kan hj\u00e6lpe dig med p\u00e5 dette omr\u00e5de.\t\t\t\t\t\t<\/div>\n\t\t\t\t<\/div>\n\t\t\t\t<div class=\"elementor-element elementor-element-1d645c29 elementor-icon-list--layout-inline elementor-align-center elementor-list-item-link-full_width elementor-widget elementor-widget-icon-list\" data-id=\"1d645c29\" data-element_type=\"widget\" data-widget_type=\"icon-list.default\">\n\t\t\t\t<div class=\"elementor-widget-container\">\n\t\t\t\t\t<ul class=\"elementor-icon-list-items elementor-inline-items\">\n\t\t\t\t\t\t\t<li class=\"elementor-icon-list-item elementor-inline-item\">\n\t\t\t\t\t\t\t\t\t\t\t<a href=\"tel:30335762\">\n\n\t\t\t\t\t\t\t\t\t\t\t<span class=\"elementor-icon-list-text\">(+45) 30 33 57 62<\/span>\n\t\t\t\t\t\t\t\t\t\t\t<\/a>\n\t\t\t\t\t\t\t\t\t<\/li>\n\t\t\t\t\t\t\t\t<li class=\"elementor-icon-list-item elementor-inline-item\">\n\t\t\t\t\t\t\t\t\t\t\t<a href=\"mailto:torben@foodrelation.dk\">\n\n\t\t\t\t\t\t\t\t\t\t\t<span class=\"elementor-icon-list-text\">torben@foodrelation.dk<\/span>\n\t\t\t\t\t\t\t\t\t\t\t<\/a>\n\t\t\t\t\t\t\t\t\t<\/li>\n\t\t\t\t\t\t<\/ul>\n\t\t\t\t<\/div>\n\t\t\t\t<\/div>\n\t\t\t\t\t<\/div>\n\t\t\t\t<\/div>\n\t\t\t\t<\/div>\n\t\t<\/div>\n\t\t\t\t<\/div>\n\t\t\t\t<\/div>\n\t\t\t\t<\/div>\n\t\t<div class=\"elementor-element elementor-element-24a0dac5 e-flex e-con-boxed e-con e-parent\" data-id=\"24a0dac5\" data-element_type=\"container\">\n\t\t\t\t\t<div class=\"e-con-inner\">\n\t\t\t\t<div class=\"elementor-element elementor-element-2dd8b3bd elementor-widget__width-initial elementor-widget elementor-widget-text-editor\" data-id=\"2dd8b3bd\" data-element_type=\"widget\" data-widget_type=\"text-editor.default\">\n\t\t\t\t<div class=\"elementor-widget-container\">\n\t\t\t\t\t\t\t<h2 style=\"text-align: center;\">Our most recently performed work<\/h2>\n<p style=\"text-align: center;\">We perform a wide range of tasks &#8211; see our latest references here.<\/p>\n\t\t\t\t\t\t<\/div>\n\t\t\t\t<\/div>\n\t\t\t\t<div class=\"elementor-element elementor-element-3dabd3d6 elementor-grid-3 elementor-grid-tablet-2 elementor-grid-mobile-1 elementor-widget elementor-widget-loop-grid\" data-id=\"3dabd3d6\" data-element_type=\"widget\" data-settings=\"{&quot;row_gap&quot;:{&quot;unit&quot;:&quot;px&quot;,&quot;size&quot;:30,&quot;sizes&quot;:[]},&quot;template_id&quot;:5434,&quot;_skin&quot;:&quot;post&quot;,&quot;columns&quot;:&quot;3&quot;,&quot;columns_tablet&quot;:&quot;2&quot;,&quot;columns_mobile&quot;:&quot;1&quot;,&quot;edit_handle_selector&quot;:&quot;[data-elementor-type=\\&quot;loop-item\\&quot;]&quot;,&quot;row_gap_laptop&quot;:{&quot;unit&quot;:&quot;px&quot;,&quot;size&quot;:&quot;&quot;,&quot;sizes&quot;:[]},&quot;row_gap_tablet&quot;:{&quot;unit&quot;:&quot;px&quot;,&quot;size&quot;:&quot;&quot;,&quot;sizes&quot;:[]},&quot;row_gap_mobile&quot;:{&quot;unit&quot;:&quot;px&quot;,&quot;size&quot;:&quot;&quot;,&quot;sizes&quot;:[]}}\" data-widget_type=\"loop-grid.post\">\n\t\t\t\t<div class=\"elementor-widget-container\">\n\t\t\t\t\t<div class=\"e-loop-nothing-found-message\">\n\t\t<\/div>\n\t\t\t\t<\/div>\n\t\t\t\t<\/div>\n\t\t\t\t\t<\/div>\n\t\t\t\t<\/div>\n\t\t\t\t<\/div>\n\t\t","protected":false},"excerpt":{"rendered":"<p>Our most recently performed work We perform a wide range of tasks &#8211; see our latest references here.<\/p>\n","protected":false},"author":1,"featured_media":0,"parent":0,"menu_order":0,"comment_status":"closed","ping_status":"closed","template":"","meta":{"_acf_changed":false,"footnotes":""},"categories":[],"class_list":["post-8716","page","type-page","status-publish"],"acf":[],"yoast_head":"<!-- This site is optimized with the Yoast SEO plugin v27.4 - https:\/\/yoast.com\/product\/yoast-seo-wordpress\/ -->\n<title>References | Food Relation<\/title>\n<meta name=\"robots\" content=\"index, follow, max-snippet:-1, max-image-preview:large, max-video-preview:-1\" \/>\n<link rel=\"canonical\" href=\"https:\/\/foodrelation.webserver10.dk\/en\/references\/\" \/>\n<meta property=\"og:locale\" content=\"en_US\" \/>\n<meta property=\"og:type\" content=\"article\" \/>\n<meta property=\"og:title\" content=\"References | Food Relation\" \/>\n<meta property=\"og:description\" content=\"Our most recently performed work We perform a wide range of tasks &#8211; see our latest references here.\" \/>\n<meta property=\"og:url\" content=\"https:\/\/foodrelation.webserver10.dk\/en\/references\/\" \/>\n<meta property=\"og:site_name\" content=\"Food Relation\" \/>\n<meta property=\"article:modified_time\" content=\"2024-10-07T05:46:24+00:00\" \/>\n<meta name=\"twitter:card\" content=\"summary_large_image\" \/>\n<script type=\"application\/ld+json\" class=\"yoast-schema-graph\">{\"@context\":\"https:\\\/\\\/schema.org\",\"@graph\":[{\"@type\":\"WebPage\",\"@id\":\"https:\\\/\\\/foodrelation.webserver10.dk\\\/en\\\/references\\\/\",\"url\":\"https:\\\/\\\/foodrelation.webserver10.dk\\\/en\\\/references\\\/\",\"name\":\"References | Food Relation\",\"isPartOf\":{\"@id\":\"https:\\\/\\\/ny.wktemplate.dk\\\/#website\"},\"datePublished\":\"2023-04-21T05:44:05+00:00\",\"dateModified\":\"2024-10-07T05:46:24+00:00\",\"breadcrumb\":{\"@id\":\"https:\\\/\\\/foodrelation.webserver10.dk\\\/en\\\/references\\\/#breadcrumb\"},\"inLanguage\":\"en-US\",\"potentialAction\":[{\"@type\":\"ReadAction\",\"target\":[\"https:\\\/\\\/foodrelation.webserver10.dk\\\/en\\\/references\\\/\"]}]},{\"@type\":\"BreadcrumbList\",\"@id\":\"https:\\\/\\\/foodrelation.webserver10.dk\\\/en\\\/references\\\/#breadcrumb\",\"itemListElement\":[{\"@type\":\"ListItem\",\"position\":1,\"name\":\"Forside\",\"item\":\"https:\\\/\\\/foodrelation.webserver10.dk\\\/en\\\/\"},{\"@type\":\"ListItem\",\"position\":2,\"name\":\"References\"}]},{\"@type\":\"WebSite\",\"@id\":\"https:\\\/\\\/ny.wktemplate.dk\\\/#website\",\"url\":\"https:\\\/\\\/ny.wktemplate.dk\\\/\",\"name\":\"Food Relation\",\"description\":\"SEO\",\"publisher\":{\"@id\":\"https:\\\/\\\/ny.wktemplate.dk\\\/#organization\"},\"potentialAction\":[{\"@type\":\"SearchAction\",\"target\":{\"@type\":\"EntryPoint\",\"urlTemplate\":\"https:\\\/\\\/ny.wktemplate.dk\\\/?s={search_term_string}\"},\"query-input\":{\"@type\":\"PropertyValueSpecification\",\"valueRequired\":true,\"valueName\":\"search_term_string\"}}],\"inLanguage\":\"en-US\"},{\"@type\":\"Organization\",\"@id\":\"https:\\\/\\\/ny.wktemplate.dk\\\/#organization\",\"name\":\"Food Relation\",\"url\":\"https:\\\/\\\/ny.wktemplate.dk\\\/\",\"logo\":{\"@type\":\"ImageObject\",\"inLanguage\":\"en-US\",\"@id\":\"https:\\\/\\\/ny.wktemplate.dk\\\/#\\\/schema\\\/logo\\\/image\\\/\",\"url\":\"https:\\\/\\\/foodrelation.dk\\\/wp-content\\\/uploads\\\/2024\\\/07\\\/Food-Relation-logo.svg\",\"contentUrl\":\"https:\\\/\\\/foodrelation.dk\\\/wp-content\\\/uploads\\\/2024\\\/07\\\/Food-Relation-logo.svg\",\"caption\":\"Food Relation\"},\"image\":{\"@id\":\"https:\\\/\\\/ny.wktemplate.dk\\\/#\\\/schema\\\/logo\\\/image\\\/\"}}]}<\/script>\n<!-- \/ Yoast SEO plugin. -->","yoast_head_json":{"title":"References | Food Relation","robots":{"index":"index","follow":"follow","max-snippet":"max-snippet:-1","max-image-preview":"max-image-preview:large","max-video-preview":"max-video-preview:-1"},"canonical":"https:\/\/foodrelation.webserver10.dk\/en\/references\/","og_locale":"en_US","og_type":"article","og_title":"References | Food Relation","og_description":"Our most recently performed work We perform a wide range of tasks &#8211; see our latest references here.","og_url":"https:\/\/foodrelation.webserver10.dk\/en\/references\/","og_site_name":"Food Relation","article_modified_time":"2024-10-07T05:46:24+00:00","twitter_card":"summary_large_image","schema":{"@context":"https:\/\/schema.org","@graph":[{"@type":"WebPage","@id":"https:\/\/foodrelation.webserver10.dk\/en\/references\/","url":"https:\/\/foodrelation.webserver10.dk\/en\/references\/","name":"References | Food Relation","isPartOf":{"@id":"https:\/\/ny.wktemplate.dk\/#website"},"datePublished":"2023-04-21T05:44:05+00:00","dateModified":"2024-10-07T05:46:24+00:00","breadcrumb":{"@id":"https:\/\/foodrelation.webserver10.dk\/en\/references\/#breadcrumb"},"inLanguage":"en-US","potentialAction":[{"@type":"ReadAction","target":["https:\/\/foodrelation.webserver10.dk\/en\/references\/"]}]},{"@type":"BreadcrumbList","@id":"https:\/\/foodrelation.webserver10.dk\/en\/references\/#breadcrumb","itemListElement":[{"@type":"ListItem","position":1,"name":"Forside","item":"https:\/\/foodrelation.webserver10.dk\/en\/"},{"@type":"ListItem","position":2,"name":"References"}]},{"@type":"WebSite","@id":"https:\/\/ny.wktemplate.dk\/#website","url":"https:\/\/ny.wktemplate.dk\/","name":"Food Relation","description":"SEO","publisher":{"@id":"https:\/\/ny.wktemplate.dk\/#organization"},"potentialAction":[{"@type":"SearchAction","target":{"@type":"EntryPoint","urlTemplate":"https:\/\/ny.wktemplate.dk\/?s={search_term_string}"},"query-input":{"@type":"PropertyValueSpecification","valueRequired":true,"valueName":"search_term_string"}}],"inLanguage":"en-US"},{"@type":"Organization","@id":"https:\/\/ny.wktemplate.dk\/#organization","name":"Food Relation","url":"https:\/\/ny.wktemplate.dk\/","logo":{"@type":"ImageObject","inLanguage":"en-US","@id":"https:\/\/ny.wktemplate.dk\/#\/schema\/logo\/image\/","url":"https:\/\/foodrelation.dk\/wp-content\/uploads\/2024\/07\/Food-Relation-logo.svg","contentUrl":"https:\/\/foodrelation.dk\/wp-content\/uploads\/2024\/07\/Food-Relation-logo.svg","caption":"Food Relation"},"image":{"@id":"https:\/\/ny.wktemplate.dk\/#\/schema\/logo\/image\/"}}]}},"_links":{"self":[{"href":"https:\/\/foodrelation.dk\/en\/wp-json\/wp\/v2\/pages\/8716","targetHints":{"allow":["GET"]}}],"collection":[{"href":"https:\/\/foodrelation.dk\/en\/wp-json\/wp\/v2\/pages"}],"about":[{"href":"https:\/\/foodrelation.dk\/en\/wp-json\/wp\/v2\/types\/page"}],"author":[{"embeddable":true,"href":"https:\/\/foodrelation.dk\/en\/wp-json\/wp\/v2\/users\/1"}],"replies":[{"embeddable":true,"href":"https:\/\/foodrelation.dk\/en\/wp-json\/wp\/v2\/comments?post=8716"}],"version-history":[{"count":4,"href":"https:\/\/foodrelation.dk\/en\/wp-json\/wp\/v2\/pages\/8716\/revisions"}],"predecessor-version":[{"id":8733,"href":"https:\/\/foodrelation.dk\/en\/wp-json\/wp\/v2\/pages\/8716\/revisions\/8733"}],"wp:attachment":[{"href":"https:\/\/foodrelation.dk\/en\/wp-json\/wp\/v2\/media?parent=8716"}],"wp:term":[{"taxonomy":"category","embeddable":true,"href":"https:\/\/foodrelation.dk\/en\/wp-json\/wp\/v2\/categories?post=8716"}],"curies":[{"name":"wp","href":"https:\/\/api.w.org\/{rel}","templated":true}]}}