{"id":8720,"date":"2024-07-25T12:58:06","date_gmt":"2024-07-25T10:58:06","guid":{"rendered":"https:\/\/foodrelation.dk\/profile\/"},"modified":"2024-10-07T07:49:19","modified_gmt":"2024-10-07T05:49:19","slug":"profile","status":"publish","type":"page","link":"https:\/\/foodrelation.dk\/en\/profile\/","title":{"rendered":"Profile"},"content":{"rendered":"\t\t<div data-elementor-type=\"wp-page\" data-elementor-id=\"8720\" class=\"elementor elementor-8720 elementor-8582\" data-elementor-post-type=\"page\">\n\t\t\t\t<div class=\"elementor-element elementor-element-4cf17fb9 e-con-full no-padding e-flex e-con e-parent\" data-id=\"4cf17fb9\" data-element_type=\"container\">\n\t\t\t\t<div class=\"elementor-element elementor-element-277c5751 elementor-widget elementor-widget-shortcode\" data-id=\"277c5751\" data-element_type=\"widget\" data-widget_type=\"shortcode.default\">\n\t\t\t\t<div class=\"elementor-widget-container\">\n\t\t\t\t\t<div class=\"elementor-shortcode\">\t\t<div data-elementor-type=\"container\" data-elementor-id=\"6542\" class=\"elementor elementor-6542\" data-elementor-post-type=\"elementor_library\">\n\t\t\t\t<div class=\"elementor-element elementor-element-2bc4b5ab white e-flex e-con-boxed e-con e-parent\" data-id=\"2bc4b5ab\" data-element_type=\"container\" data-settings=\"{&quot;background_background&quot;:&quot;classic&quot;}\">\n\t\t\t\t\t<div class=\"e-con-inner\">\n\t\t\t\t<div class=\"elementor-element elementor-element-76aa15a9 elementor-widget elementor-widget-text-editor\" data-id=\"76aa15a9\" data-element_type=\"widget\" data-widget_type=\"text-editor.default\">\n\t\t\t\t<div class=\"elementor-widget-container\">\n\t\t\t\t\t\t\tLad os st\u00e5 for din n\u00e6ste opgave. Her kan du f\u00e5 et indblik i, hvad vi kan hj\u00e6lpe dig med p\u00e5 dette omr\u00e5de.\t\t\t\t\t\t<\/div>\n\t\t\t\t<\/div>\n\t\t\t\t<div class=\"elementor-element elementor-element-1d645c29 elementor-icon-list--layout-inline elementor-align-center elementor-list-item-link-full_width elementor-widget elementor-widget-icon-list\" data-id=\"1d645c29\" data-element_type=\"widget\" data-widget_type=\"icon-list.default\">\n\t\t\t\t<div class=\"elementor-widget-container\">\n\t\t\t\t\t<ul class=\"elementor-icon-list-items elementor-inline-items\">\n\t\t\t\t\t\t\t<li class=\"elementor-icon-list-item elementor-inline-item\">\n\t\t\t\t\t\t\t\t\t\t\t<a href=\"tel:30335762\">\n\n\t\t\t\t\t\t\t\t\t\t\t<span class=\"elementor-icon-list-text\">(+45) 30 33 57 62<\/span>\n\t\t\t\t\t\t\t\t\t\t\t<\/a>\n\t\t\t\t\t\t\t\t\t<\/li>\n\t\t\t\t\t\t\t\t<li class=\"elementor-icon-list-item elementor-inline-item\">\n\t\t\t\t\t\t\t\t\t\t\t<a href=\"mailto:torben@foodrelation.dk\">\n\n\t\t\t\t\t\t\t\t\t\t\t<span class=\"elementor-icon-list-text\">torben@foodrelation.dk<\/span>\n\t\t\t\t\t\t\t\t\t\t\t<\/a>\n\t\t\t\t\t\t\t\t\t<\/li>\n\t\t\t\t\t\t<\/ul>\n\t\t\t\t<\/div>\n\t\t\t\t<\/div>\n\t\t\t\t\t<\/div>\n\t\t\t\t<\/div>\n\t\t\t\t<\/div>\n\t\t<\/div>\n\t\t\t\t<\/div>\n\t\t\t\t<\/div>\n\t\t\t\t<\/div>\n\t\t<div class=\"elementor-element elementor-element-75019a55 e-flex e-con-boxed e-con e-parent\" data-id=\"75019a55\" data-element_type=\"container\">\n\t\t\t\t\t<div class=\"e-con-inner\">\n\t\t<div class=\"elementor-element elementor-element-496caa90 e-con-full e-flex e-con e-child\" data-id=\"496caa90\" data-element_type=\"container\">\n\t\t\t\t<div class=\"elementor-element elementor-element-4ddabec2 elementor-widget elementor-widget-text-editor\" data-id=\"4ddabec2\" data-element_type=\"widget\" data-widget_type=\"text-editor.default\">\n\t\t\t\t<div class=\"elementor-widget-container\">\n\t\t\t\t\t\t\t<h2>Let us do the work for you<\/h2>\n<h4>In Food Relation we offer a wide range of tasks \u2013 large and small.<\/h4>\n<p>Regardless of whether you need help with one or the other, we always strive to find the best solution for you. In case you are not finding exactly what you need help with described here, please do not hesitate to contact us. <\/p>\n\t\t\t\t\t\t<\/div>\n\t\t\t\t<\/div>\n\t\t\t\t<div class=\"elementor-element elementor-element-a11fade elementor-widget-divider--view-line elementor-widget elementor-widget-divider\" data-id=\"a11fade\" data-element_type=\"widget\" data-widget_type=\"divider.default\">\n\t\t\t\t<div class=\"elementor-widget-container\">\n\t\t\t\t\t<div class=\"elementor-divider\">\n\t\t\t<span class=\"elementor-divider-separator\">\n\t\t\t\t\t\t<\/span>\n\t\t<\/div>\n\t\t\t\t<\/div>\n\t\t\t\t<\/div>\n\t\t\t\t<\/div>\n\t\t<div class=\"elementor-element elementor-element-30e043e1 e-con-full e-flex e-con e-child\" data-id=\"30e043e1\" data-element_type=\"container\">\n\t\t\t\t<div class=\"elementor-element elementor-element-7f8d846c elementor-widget elementor-widget-text-editor\" data-id=\"7f8d846c\" data-element_type=\"widget\" data-widget_type=\"text-editor.default\">\n\t\t\t\t<div class=\"elementor-widget-container\">\n\t\t\t\t\t\t\t<h3>Close communication from the start<\/h3>\n<p>We have a great understanding that our customers&#8217; needs and wishes can vary, which is why we always arrange an initial conversation to clarify your exact needs and wishes. This way we make sure to deliver a complete and tailor-made solution for you. We ask thoroughly about your expectations for the task to avoid any misconceptions. Also, we gladly keep you updated from start to finish.   <\/p>\n<p>It is important to us that our customers feel secure throughout the whole process.<\/p>\n\t\t\t\t\t\t<\/div>\n\t\t\t\t<\/div>\n\t\t\t\t<\/div>\n\t\t<div class=\"elementor-element elementor-element-3ca81e44 e-con-full e-flex e-con e-child\" data-id=\"3ca81e44\" data-element_type=\"container\">\n\t\t\t\t<div class=\"elementor-element elementor-element-d19e626 elementor-widget elementor-widget-text-editor\" data-id=\"d19e626\" data-element_type=\"widget\" data-widget_type=\"text-editor.default\">\n\t\t\t\t<div class=\"elementor-widget-container\">\n\t\t\t\t\t\t\t<h3>High quality and good service<\/h3>\n<p>In Food Relation you can always count on good service and high quality. We never leave a task until it has been 100% completed, neither until both parties are satisfied with the result. We meet all agreements and deadlines, so if you are looking for quality solutions on time, we are the ones to get hold of.  <\/p>\n<p>Our employees have the right professional knowledge and skills to deliver a well-executed piece of work. We always meet you with a smile and we are happy to answer any questions you may have during the project. <\/p>\n\t\t\t\t\t\t<\/div>\n\t\t\t\t<\/div>\n\t\t\t\t<\/div>\n\t\t\t\t\t<\/div>\n\t\t\t\t<\/div>\n\t\t<div class=\"elementor-element elementor-element-9b581fa light e-flex e-con-boxed e-con e-parent\" data-id=\"9b581fa\" data-element_type=\"container\">\n\t\t\t\t\t<div class=\"e-con-inner\">\n\t\t\t\t<div class=\"elementor-element elementor-element-d4f3d68 elementor-widget elementor-widget-gallery\" data-id=\"d4f3d68\" data-element_type=\"widget\" data-settings=\"{&quot;gap&quot;:{&quot;unit&quot;:&quot;px&quot;,&quot;size&quot;:15,&quot;sizes&quot;:[]},&quot;columns_tablet&quot;:3,&quot;columns_mobile&quot;:2,&quot;gap_tablet&quot;:{&quot;unit&quot;:&quot;px&quot;,&quot;size&quot;:15,&quot;sizes&quot;:[]},&quot;gap_mobile&quot;:{&quot;unit&quot;:&quot;px&quot;,&quot;size&quot;:15,&quot;sizes&quot;:[]},&quot;gallery_layout&quot;:&quot;masonry&quot;,&quot;columns&quot;:3,&quot;lazyload&quot;:&quot;yes&quot;,&quot;gap_laptop&quot;:{&quot;unit&quot;:&quot;px&quot;,&quot;size&quot;:10,&quot;sizes&quot;:[]},&quot;link_to&quot;:&quot;file&quot;,&quot;content_hover_animation&quot;:&quot;fade-in&quot;}\" data-widget_type=\"gallery.default\">\n\t\t\t\t<div class=\"elementor-widget-container\">\n\t\t\t\t\t<div class=\"elementor-gallery__container\">\n\t\t\t\t\t\t\t<a class=\"e-gallery-item elementor-gallery-item elementor-animated-content\" href=\"https:\/\/foodrelation.dk\/wp-content\/uploads\/2024\/09\/Forside-To-Go-flat-scaled.jpg\" data-elementor-open-lightbox=\"yes\" data-elementor-lightbox-slideshow=\"d4f3d68\" data-e-action-hash=\"#elementor-action%3Aaction%3Dlightbox%26settings%3DeyJpZCI6ODY3MywidXJsIjoiaHR0cHM6XC9cL2Zvb2RyZWxhdGlvbi5ka1wvd3AtY29udGVudFwvdXBsb2Fkc1wvMjAyNFwvMDlcL0ZvcnNpZGUtVG8tR28tZmxhdC1zY2FsZWQuanBnIiwic2xpZGVzaG93IjoiZDRmM2Q2OCJ9\" data-rel=\"-image-0\" data-rl_title=\"\" data-rl_caption=\"\" title=\"\">\n\t\t\t\t\t<div class=\"e-gallery-image elementor-gallery-item__image\" data-thumbnail=\"https:\/\/foodrelation.dk\/wp-content\/uploads\/2024\/09\/Forside-To-Go-flat-scaled.jpg\" data-width=\"1460\" data-height=\"2048\" aria-label=\"\" role=\"img\" ><\/div>\n\t\t\t\t\t\t\t\t\t\t\t\t\t\t<\/a>\n\t\t\t\t\t\t\t<a class=\"e-gallery-item elementor-gallery-item elementor-animated-content\" href=\"https:\/\/foodrelation.dk\/wp-content\/uploads\/2024\/09\/Forside-Foodservice-scaled.jpg\" data-elementor-open-lightbox=\"yes\" data-elementor-lightbox-slideshow=\"d4f3d68\" data-e-action-hash=\"#elementor-action%3Aaction%3Dlightbox%26settings%3DeyJpZCI6ODY3MSwidXJsIjoiaHR0cHM6XC9cL2Zvb2RyZWxhdGlvbi5ka1wvd3AtY29udGVudFwvdXBsb2Fkc1wvMjAyNFwvMDlcL0ZvcnNpZGUtRm9vZHNlcnZpY2Utc2NhbGVkLmpwZyIsInNsaWRlc2hvdyI6ImQ0ZjNkNjgifQ%3D%3D\" data-rel=\"-image-1\" data-rl_title=\"\" data-rl_caption=\"\" title=\"\">\n\t\t\t\t\t<div class=\"e-gallery-image elementor-gallery-item__image\" data-thumbnail=\"https:\/\/foodrelation.dk\/wp-content\/uploads\/2024\/09\/Forside-Foodservice-scaled.jpg\" data-width=\"1460\" data-height=\"2048\" aria-label=\"\" role=\"img\" ><\/div>\n\t\t\t\t\t\t\t\t\t\t\t\t\t\t<\/a>\n\t\t\t\t\t\t\t<a class=\"e-gallery-item elementor-gallery-item elementor-animated-content\" href=\"https:\/\/foodrelation.dk\/wp-content\/uploads\/2024\/09\/Bagside-To-Go-scaled.jpg\" data-elementor-open-lightbox=\"yes\" data-elementor-lightbox-slideshow=\"d4f3d68\" data-e-action-hash=\"#elementor-action%3Aaction%3Dlightbox%26settings%3DeyJpZCI6ODY2OSwidXJsIjoiaHR0cHM6XC9cL2Zvb2RyZWxhdGlvbi5ka1wvd3AtY29udGVudFwvdXBsb2Fkc1wvMjAyNFwvMDlcL0JhZ3NpZGUtVG8tR28tc2NhbGVkLmpwZyIsInNsaWRlc2hvdyI6ImQ0ZjNkNjgifQ%3D%3D\" data-rel=\"-image-2\" data-rl_title=\"\" data-rl_caption=\"\" title=\"\">\n\t\t\t\t\t<div class=\"e-gallery-image elementor-gallery-item__image\" data-thumbnail=\"https:\/\/foodrelation.dk\/wp-content\/uploads\/2024\/09\/Bagside-To-Go-scaled.jpg\" data-width=\"1460\" data-height=\"2048\" aria-label=\"\" role=\"img\" ><\/div>\n\t\t\t\t\t\t\t\t\t\t\t\t\t\t<\/a>\n\t\t\t\t\t\t\t<a class=\"e-gallery-item elementor-gallery-item elementor-animated-content\" href=\"https:\/\/foodrelation.dk\/wp-content\/uploads\/2024\/09\/Katalog-Indersider-flat-scaled.jpg\" data-elementor-open-lightbox=\"yes\" data-elementor-lightbox-slideshow=\"d4f3d68\" data-e-action-hash=\"#elementor-action%3Aaction%3Dlightbox%26settings%3DeyJpZCI6ODY2NywidXJsIjoiaHR0cHM6XC9cL2Zvb2RyZWxhdGlvbi5ka1wvd3AtY29udGVudFwvdXBsb2Fkc1wvMjAyNFwvMDlcL0thdGFsb2ctSW5kZXJzaWRlci1mbGF0LXNjYWxlZC5qcGciLCJzbGlkZXNob3ciOiJkNGYzZDY4In0%3D\" data-rel=\"-image-3\" data-rl_title=\"\" data-rl_caption=\"\" title=\"\">\n\t\t\t\t\t<div class=\"e-gallery-image elementor-gallery-item__image\" data-thumbnail=\"https:\/\/foodrelation.dk\/wp-content\/uploads\/2024\/09\/Katalog-Indersider-flat-scaled.jpg\" data-width=\"2048\" data-height=\"1457\" aria-label=\"\" role=\"img\" ><\/div>\n\t\t\t\t\t\t\t\t\t\t\t\t\t\t<\/a>\n\t\t\t\t\t\t\t<a class=\"e-gallery-item elementor-gallery-item elementor-animated-content\" href=\"https:\/\/foodrelation.dk\/wp-content\/uploads\/2024\/09\/Katalog-Forside-flat-scaled.jpg\" data-elementor-open-lightbox=\"yes\" data-elementor-lightbox-slideshow=\"d4f3d68\" data-e-action-hash=\"#elementor-action%3Aaction%3Dlightbox%26settings%3DeyJpZCI6ODY2NSwidXJsIjoiaHR0cHM6XC9cL2Zvb2RyZWxhdGlvbi5ka1wvd3AtY29udGVudFwvdXBsb2Fkc1wvMjAyNFwvMDlcL0thdGFsb2ctRm9yc2lkZS1mbGF0LXNjYWxlZC5qcGciLCJzbGlkZXNob3ciOiJkNGYzZDY4In0%3D\" data-rel=\"-image-4\" data-rl_title=\"\" data-rl_caption=\"\" title=\"\">\n\t\t\t\t\t<div class=\"e-gallery-image elementor-gallery-item__image\" data-thumbnail=\"https:\/\/foodrelation.dk\/wp-content\/uploads\/2024\/09\/Katalog-Forside-flat-scaled.jpg\" data-width=\"1460\" data-height=\"2048\" aria-label=\"\" role=\"img\" ><\/div>\n\t\t\t\t\t\t\t\t\t\t\t\t\t\t<\/a>\n\t\t\t\t\t\t\t<a class=\"e-gallery-item elementor-gallery-item elementor-animated-content\" href=\"https:\/\/foodrelation.dk\/wp-content\/uploads\/2024\/09\/Katalog-Bagside-flat-scaled.jpg\" data-elementor-open-lightbox=\"yes\" data-elementor-lightbox-slideshow=\"d4f3d68\" data-e-action-hash=\"#elementor-action%3Aaction%3Dlightbox%26settings%3DeyJpZCI6ODY2MywidXJsIjoiaHR0cHM6XC9cL2Zvb2RyZWxhdGlvbi5ka1wvd3AtY29udGVudFwvdXBsb2Fkc1wvMjAyNFwvMDlcL0thdGFsb2ctQmFnc2lkZS1mbGF0LXNjYWxlZC5qcGciLCJzbGlkZXNob3ciOiJkNGYzZDY4In0%3D\" data-rel=\"-image-5\" data-rl_title=\"\" data-rl_caption=\"\" title=\"\">\n\t\t\t\t\t<div class=\"e-gallery-image elementor-gallery-item__image\" data-thumbnail=\"https:\/\/foodrelation.dk\/wp-content\/uploads\/2024\/09\/Katalog-Bagside-flat-scaled.jpg\" data-width=\"1460\" data-height=\"2048\" aria-label=\"\" role=\"img\" ><\/div>\n\t\t\t\t\t\t\t\t\t\t\t\t\t\t<\/a>\n\t\t\t\t\t<\/div>\n\t\t\t<\/div>\n\t\t\t\t<\/div>\n\t\t\t\t\t<\/div>\n\t\t\t\t<\/div>\n\t\t\t\t<\/div>\n\t\t","protected":false},"excerpt":{"rendered":"<p>Let us do the work for you In Food Relation we offer a wide range of tasks \u2013 large and small. Regardless of whether you need help with one or the other, we always strive to find the best solution for you. In case you are not finding exactly what you need help with described &#8230; <a title=\"Profile\" class=\"read-more\" href=\"https:\/\/foodrelation.dk\/en\/profile\/\" aria-label=\"Read more about Profile\">Read more<\/a><\/p>\n","protected":false},"author":5,"featured_media":0,"parent":0,"menu_order":1000,"comment_status":"closed","ping_status":"closed","template":"","meta":{"_acf_changed":false,"footnotes":""},"categories":[],"class_list":["post-8720","page","type-page","status-publish"],"acf":[],"yoast_head":"<!-- This site is optimized with the Yoast SEO plugin v27.4 - https:\/\/yoast.com\/product\/yoast-seo-wordpress\/ -->\n<title>Profile | Food Relation<\/title>\n<meta name=\"robots\" content=\"index, follow, max-snippet:-1, max-image-preview:large, max-video-preview:-1\" \/>\n<link rel=\"canonical\" href=\"https:\/\/foodrelation.webserver10.dk\/en\/profile\/\" \/>\n<meta property=\"og:locale\" content=\"en_US\" \/>\n<meta property=\"og:type\" content=\"article\" \/>\n<meta property=\"og:title\" content=\"Profile | Food Relation\" \/>\n<meta property=\"og:description\" content=\"Let us do the work for you In Food Relation we offer a wide range of tasks \u2013 large and small. Regardless of whether you need help with one or the other, we always strive to find the best solution for you. In case you are not finding exactly what you need help with described ... Read more\" \/>\n<meta property=\"og:url\" content=\"https:\/\/foodrelation.webserver10.dk\/en\/profile\/\" \/>\n<meta property=\"og:site_name\" content=\"Food Relation\" \/>\n<meta property=\"article:modified_time\" content=\"2024-10-07T05:49:19+00:00\" \/>\n<meta name=\"twitter:card\" content=\"summary_large_image\" \/>\n<meta name=\"twitter:label1\" content=\"Est. reading time\" \/>\n\t<meta name=\"twitter:data1\" content=\"1 minute\" \/>\n<script type=\"application\/ld+json\" class=\"yoast-schema-graph\">{\"@context\":\"https:\\\/\\\/schema.org\",\"@graph\":[{\"@type\":\"WebPage\",\"@id\":\"https:\\\/\\\/foodrelation.webserver10.dk\\\/en\\\/profile\\\/\",\"url\":\"https:\\\/\\\/foodrelation.webserver10.dk\\\/en\\\/profile\\\/\",\"name\":\"Profile | Food Relation\",\"isPartOf\":{\"@id\":\"https:\\\/\\\/ny.wktemplate.dk\\\/#website\"},\"datePublished\":\"2024-07-25T10:58:06+00:00\",\"dateModified\":\"2024-10-07T05:49:19+00:00\",\"breadcrumb\":{\"@id\":\"https:\\\/\\\/foodrelation.webserver10.dk\\\/en\\\/profile\\\/#breadcrumb\"},\"inLanguage\":\"en-US\",\"potentialAction\":[{\"@type\":\"ReadAction\",\"target\":[\"https:\\\/\\\/foodrelation.webserver10.dk\\\/en\\\/profile\\\/\"]}]},{\"@type\":\"BreadcrumbList\",\"@id\":\"https:\\\/\\\/foodrelation.webserver10.dk\\\/en\\\/profile\\\/#breadcrumb\",\"itemListElement\":[{\"@type\":\"ListItem\",\"position\":1,\"name\":\"Forside\",\"item\":\"https:\\\/\\\/foodrelation.webserver10.dk\\\/en\\\/\"},{\"@type\":\"ListItem\",\"position\":2,\"name\":\"Profile\"}]},{\"@type\":\"WebSite\",\"@id\":\"https:\\\/\\\/ny.wktemplate.dk\\\/#website\",\"url\":\"https:\\\/\\\/ny.wktemplate.dk\\\/\",\"name\":\"Food Relation\",\"description\":\"SEO\",\"publisher\":{\"@id\":\"https:\\\/\\\/ny.wktemplate.dk\\\/#organization\"},\"potentialAction\":[{\"@type\":\"SearchAction\",\"target\":{\"@type\":\"EntryPoint\",\"urlTemplate\":\"https:\\\/\\\/ny.wktemplate.dk\\\/?s={search_term_string}\"},\"query-input\":{\"@type\":\"PropertyValueSpecification\",\"valueRequired\":true,\"valueName\":\"search_term_string\"}}],\"inLanguage\":\"en-US\"},{\"@type\":\"Organization\",\"@id\":\"https:\\\/\\\/ny.wktemplate.dk\\\/#organization\",\"name\":\"Food Relation\",\"url\":\"https:\\\/\\\/ny.wktemplate.dk\\\/\",\"logo\":{\"@type\":\"ImageObject\",\"inLanguage\":\"en-US\",\"@id\":\"https:\\\/\\\/ny.wktemplate.dk\\\/#\\\/schema\\\/logo\\\/image\\\/\",\"url\":\"https:\\\/\\\/foodrelation.dk\\\/wp-content\\\/uploads\\\/2024\\\/07\\\/Food-Relation-logo.svg\",\"contentUrl\":\"https:\\\/\\\/foodrelation.dk\\\/wp-content\\\/uploads\\\/2024\\\/07\\\/Food-Relation-logo.svg\",\"caption\":\"Food Relation\"},\"image\":{\"@id\":\"https:\\\/\\\/ny.wktemplate.dk\\\/#\\\/schema\\\/logo\\\/image\\\/\"}}]}<\/script>\n<!-- \/ Yoast SEO plugin. -->","yoast_head_json":{"title":"Profile | Food Relation","robots":{"index":"index","follow":"follow","max-snippet":"max-snippet:-1","max-image-preview":"max-image-preview:large","max-video-preview":"max-video-preview:-1"},"canonical":"https:\/\/foodrelation.webserver10.dk\/en\/profile\/","og_locale":"en_US","og_type":"article","og_title":"Profile | Food Relation","og_description":"Let us do the work for you In Food Relation we offer a wide range of tasks \u2013 large and small. Regardless of whether you need help with one or the other, we always strive to find the best solution for you. In case you are not finding exactly what you need help with described ... Read more","og_url":"https:\/\/foodrelation.webserver10.dk\/en\/profile\/","og_site_name":"Food Relation","article_modified_time":"2024-10-07T05:49:19+00:00","twitter_card":"summary_large_image","twitter_misc":{"Est. reading time":"1 minute"},"schema":{"@context":"https:\/\/schema.org","@graph":[{"@type":"WebPage","@id":"https:\/\/foodrelation.webserver10.dk\/en\/profile\/","url":"https:\/\/foodrelation.webserver10.dk\/en\/profile\/","name":"Profile | Food Relation","isPartOf":{"@id":"https:\/\/ny.wktemplate.dk\/#website"},"datePublished":"2024-07-25T10:58:06+00:00","dateModified":"2024-10-07T05:49:19+00:00","breadcrumb":{"@id":"https:\/\/foodrelation.webserver10.dk\/en\/profile\/#breadcrumb"},"inLanguage":"en-US","potentialAction":[{"@type":"ReadAction","target":["https:\/\/foodrelation.webserver10.dk\/en\/profile\/"]}]},{"@type":"BreadcrumbList","@id":"https:\/\/foodrelation.webserver10.dk\/en\/profile\/#breadcrumb","itemListElement":[{"@type":"ListItem","position":1,"name":"Forside","item":"https:\/\/foodrelation.webserver10.dk\/en\/"},{"@type":"ListItem","position":2,"name":"Profile"}]},{"@type":"WebSite","@id":"https:\/\/ny.wktemplate.dk\/#website","url":"https:\/\/ny.wktemplate.dk\/","name":"Food Relation","description":"SEO","publisher":{"@id":"https:\/\/ny.wktemplate.dk\/#organization"},"potentialAction":[{"@type":"SearchAction","target":{"@type":"EntryPoint","urlTemplate":"https:\/\/ny.wktemplate.dk\/?s={search_term_string}"},"query-input":{"@type":"PropertyValueSpecification","valueRequired":true,"valueName":"search_term_string"}}],"inLanguage":"en-US"},{"@type":"Organization","@id":"https:\/\/ny.wktemplate.dk\/#organization","name":"Food Relation","url":"https:\/\/ny.wktemplate.dk\/","logo":{"@type":"ImageObject","inLanguage":"en-US","@id":"https:\/\/ny.wktemplate.dk\/#\/schema\/logo\/image\/","url":"https:\/\/foodrelation.dk\/wp-content\/uploads\/2024\/07\/Food-Relation-logo.svg","contentUrl":"https:\/\/foodrelation.dk\/wp-content\/uploads\/2024\/07\/Food-Relation-logo.svg","caption":"Food Relation"},"image":{"@id":"https:\/\/ny.wktemplate.dk\/#\/schema\/logo\/image\/"}}]}},"_links":{"self":[{"href":"https:\/\/foodrelation.dk\/en\/wp-json\/wp\/v2\/pages\/8720","targetHints":{"allow":["GET"]}}],"collection":[{"href":"https:\/\/foodrelation.dk\/en\/wp-json\/wp\/v2\/pages"}],"about":[{"href":"https:\/\/foodrelation.dk\/en\/wp-json\/wp\/v2\/types\/page"}],"author":[{"embeddable":true,"href":"https:\/\/foodrelation.dk\/en\/wp-json\/wp\/v2\/users\/5"}],"replies":[{"embeddable":true,"href":"https:\/\/foodrelation.dk\/en\/wp-json\/wp\/v2\/comments?post=8720"}],"version-history":[{"count":11,"href":"https:\/\/foodrelation.dk\/en\/wp-json\/wp\/v2\/pages\/8720\/revisions"}],"predecessor-version":[{"id":8742,"href":"https:\/\/foodrelation.dk\/en\/wp-json\/wp\/v2\/pages\/8720\/revisions\/8742"}],"wp:attachment":[{"href":"https:\/\/foodrelation.dk\/en\/wp-json\/wp\/v2\/media?parent=8720"}],"wp:term":[{"taxonomy":"category","embeddable":true,"href":"https:\/\/foodrelation.dk\/en\/wp-json\/wp\/v2\/categories?post=8720"}],"curies":[{"name":"wp","href":"https:\/\/api.w.org\/{rel}","templated":true}]}}